{"id":420,"date":"2020-06-30T14:32:38","date_gmt":"2020-06-30T14:32:38","guid":{"rendered":"https:\/\/www.rast-transfer.de\/?page_id=420"},"modified":"2025-02-19T14:49:04","modified_gmt":"2025-02-19T14:49:04","slug":"projektbeispiele-3","status":"publish","type":"page","link":"https:\/\/www.rast-transfer.de\/index.php\/projektbeispiele-3\/","title":{"rendered":"Projektbeispiele"},"content":{"rendered":"<div class=\"accordionitem__content js-accordioncontent\">\n<h3>Entwicklung<\/h3>\n<ul>\n<li>eines Aluminiumwerkzeugs und des dazugeh\u00f6rigen Beschichtungsverfahrens zur Kleinserienproduktion von Elastomerteilen<\/li>\n<li>eines Zapfhahnadapters<\/li>\n<li>eines Bierdrive-Messsystems<\/li>\n<\/ul>\n<h3>go-Inno-Projekte<\/h3>\n<ul>\n<li>Zapfkopfreinigung<\/li>\n<li>Mobile CIP-Anlage (Cleaning-in-Process)<\/li>\n<li>Schonende Trauben\u00f6ffnung vor der Entsaftung<\/li>\n<li>Optisches Messsystem zur Bestimmung der Bl\u00e4schengr\u00f6\u00dfe im Bierschaum<\/li>\n<\/ul>\n<\/div>\n","protected":false},"excerpt":{"rendered":"<p>Entwicklung eines Aluminiumwerkzeugs und des dazugeh\u00f6rigen Beschichtungsverfahrens zur Kleinserienproduktion von Elastomerteilen eines Zapfhahnadapters eines Bierdrive-Messsystems go-Inno-Projekte Zapfkopfreinigung Mobile CIP-Anlage (Cleaning-in-Process) Schonende Trauben\u00f6ffnung vor der Entsaftung Optisches Messsystem zur Bestimmung der Bl\u00e4schengr\u00f6\u00dfe im Bierschaum<\/p>\n","protected":false},"author":1,"featured_media":0,"parent":0,"menu_order":0,"comment_status":"closed","ping_status":"closed","template":"","meta":{"footnotes":""},"class_list":["post-420","page","type-page","status-publish","hentry"],"_links":{"self":[{"href":"https:\/\/www.rast-transfer.de\/index.php\/wp-json\/wp\/v2\/pages\/420","targetHints":{"allow":["GET"]}}],"collection":[{"href":"https:\/\/www.rast-transfer.de\/index.php\/wp-json\/wp\/v2\/pages"}],"about":[{"href":"https:\/\/www.rast-transfer.de\/index.php\/wp-json\/wp\/v2\/types\/page"}],"author":[{"embeddable":true,"href":"https:\/\/www.rast-transfer.de\/index.php\/wp-json\/wp\/v2\/users\/1"}],"replies":[{"embeddable":true,"href":"https:\/\/www.rast-transfer.de\/index.php\/wp-json\/wp\/v2\/comments?post=420"}],"version-history":[{"count":4,"href":"https:\/\/www.rast-transfer.de\/index.php\/wp-json\/wp\/v2\/pages\/420\/revisions"}],"predecessor-version":[{"id":542,"href":"https:\/\/www.rast-transfer.de\/index.php\/wp-json\/wp\/v2\/pages\/420\/revisions\/542"}],"wp:attachment":[{"href":"https:\/\/www.rast-transfer.de\/index.php\/wp-json\/wp\/v2\/media?parent=420"}],"curies":[{"name":"wp","href":"https:\/\/api.w.org\/{rel}","templated":true}]}}