{"id":50,"date":"2020-06-30T09:42:23","date_gmt":"2020-06-30T09:42:23","guid":{"rendered":"https:\/\/www.rast-transfer.de\/?page_id=50"},"modified":"2024-02-29T17:01:31","modified_gmt":"2024-02-29T17:01:31","slug":"impressum","status":"publish","type":"page","link":"https:\/\/www.rast-transfer.de\/index.php\/impressum\/","title":{"rendered":"Impressum"},"content":{"rendered":"<h2><span style=\"font-family: 'Roboto Condensed';\">Angaben gem\u00e4\u00df \u00a7 5 TMG<\/span><\/h2>\n<p><span style=\"font-family: 'Roboto Condensed';\">Rast Transfer GmbH<\/span><br \/>\n<span style=\"font-family: 'Roboto Condensed';\">Kaiserring 14 &#8211; 16<\/span><br \/>\n<span style=\"font-family: 'Roboto Condensed';\">68161 Mannheim<\/span><\/p>\n<p><span style=\"font-family: 'Roboto Condensed';\">Handelsregister: HRB 742397<\/span><br \/>\n<span style=\"font-family: 'Roboto Condensed';\">Registergericht: Amtsgericht Mannheim<\/span><\/p>\n<p><span style=\"font-family: 'Roboto Condensed';\"><strong>Vertreten durch:<\/strong><\/span><br \/>\n<span style=\"font-family: 'Roboto Condensed';\"><strong>Gesch\u00e4ftsf\u00fchrer<\/strong> Dipl.-Ing. Marina Herty<\/span><\/p>\n<p><strong>Gesamtprokura (gemeinsam mit einem Gesch\u00e4ftsf\u00fchrer oder einem anderen Prokuristen):<\/strong><\/p>\n<p>Marina Herty<\/p>\n<p>Ahmad Othman<\/p>\n<p>Christian Prager<\/p>\n<h2><span style=\"font-family: 'Roboto Condensed';\">Kontakt<\/span><\/h2>\n<p><span style=\"font-family: 'Roboto Condensed';\">Telefon: +49 (0) 621 4300 \u202c5343<\/span><br \/>\n<span style=\"font-family: 'Roboto Condensed';\">Telefax: +49 (0) 621 4300 5356<\/span><br \/>\n<span style=\"font-family: 'Roboto Condensed';\">E-Mail: info@rast-transfer.de<\/span><\/p>\n<h2><span style=\"font-family: 'Roboto Condensed';\">Umsatzsteuer-ID<\/span><\/h2>\n<p><span style=\"font-family: 'Roboto Condensed';\">Umsatzsteuer-Identifikationsnummer gem\u00e4\u00df \u00a7 27 a Umsatzsteuergesetz:<\/span><br \/>\n<span style=\"font-family: 'Roboto Condensed';\">DE 285098178<\/span><\/p>\n<h2><span style=\"font-family: 'Roboto Condensed';\">Verbraucher\u00adstreit\u00adbeilegung\/Universal\u00adschlichtungs\u00adstelle<\/span><\/h2>\n<p><span style=\"font-family: 'Roboto Condensed';\">Wir sind nicht bereit oder verpflichtet, an Streitbeilegungsverfahren vor einer Verbraucherschlichtungsstelle teilzunehmen.<\/span><\/p>\n<h3><span style=\"font-family: 'Roboto Condensed';\">Haftung f\u00fcr Inhalte<\/span><\/h3>\n<p><span style=\"font-family: 'Roboto Condensed';\">Als Diensteanbieter sind wir gem\u00e4\u00df \u00a7 7 Abs.1 TMG f\u00fcr eigene Inhalte auf diesen Seiten nach den allgemeinen Gesetzen verantwortlich. Nach \u00a7\u00a7 8 bis 10 TMG sind wir als Diensteanbieter jedoch nicht verpflichtet, \u00fcbermittelte oder gespeicherte fremde Informationen zu \u00fcberwachen oder nach Umst\u00e4nden zu forschen, die auf eine rechtswidrige T\u00e4tigkeit hinweisen.<\/span><\/p>\n<p><span style=\"font-family: 'Roboto Condensed';\">Verpflichtungen zur Entfernung oder Sperrung der Nutzung von Informationen nach den allgemeinen Gesetzen bleiben hiervon unber\u00fchrt. Eine diesbez\u00fcgliche Haftung ist jedoch erst ab dem Zeitpunkt der Kenntnis einer konkreten Rechtsverletzung m\u00f6glich. Bei Bekanntwerden von entsprechenden Rechtsverletzungen werden wir diese Inhalte umgehend entfernen.<\/span><\/p>\n<h3><span style=\"font-family: 'Roboto Condensed';\">Haftung f\u00fcr Links<\/span><\/h3>\n<p><span style=\"font-family: 'Roboto Condensed';\">Unser Angebot enth\u00e4lt Links zu externen Websites Dritter, auf deren Inhalte wir keinen Einfluss haben. Deshalb k\u00f6nnen wir f\u00fcr diese fremden Inhalte auch keine Gew\u00e4hr \u00fcbernehmen. F\u00fcr die Inhalte der verlinkten Seiten ist stets der jeweilige Anbieter oder Betreiber der Seiten verantwortlich. Die verlinkten Seiten wurden zum Zeitpunkt der Verlinkung auf m\u00f6gliche Rechtsverst\u00f6\u00dfe \u00fcberpr\u00fcft. Rechtswidrige Inhalte waren zum Zeitpunkt der Verlinkung nicht erkennbar.<\/span><\/p>\n<p><span style=\"font-family: 'Roboto Condensed';\">Eine permanente inhaltliche Kontrolle der verlinkten Seiten ist jedoch ohne konkrete Anhaltspunkte einer Rechtsverletzung nicht zumutbar. Bei Bekanntwerden von Rechtsverletzungen werden wir derartige Links umgehend entfernen.<\/span><\/p>\n<h3><span style=\"font-family: 'Roboto Condensed';\">Urheberrecht<\/span><\/h3>\n<p><span style=\"font-family: 'Roboto Condensed';\">Die durch die Seitenbetreiber erstellten Inhalte und Werke auf diesen Seiten unterliegen dem deutschen Urheberrecht. Die Vervielf\u00e4ltigung, Bearbeitung, Verbreitung und jede Art der Verwertung au\u00dferhalb der Grenzen des Urheberrechtes bed\u00fcrfen der schriftlichen Zustimmung des jeweiligen Autors bzw. Erstellers. Downloads und Kopien dieser Seite sind nur f\u00fcr den privaten, nicht kommerziellen Gebrauch gestattet.<\/span><\/p>\n<p><span style=\"font-family: 'Roboto Condensed';\">Soweit die Inhalte auf dieser Seite nicht vom Betreiber erstellt wurden, werden die Urheberrechte Dritter beachtet. Insbesondere werden Inhalte Dritter als solche gekennzeichnet. Sollten Sie trotzdem auf eine Urheberrechtsverletzung aufmerksam werden, bitten wir um einen entsprechenden Hinweis. Bei Bekanntwerden von Rechtsverletzungen werden wir derartige Inhalte umgehend entfernen.<\/span><\/p>\n","protected":false},"excerpt":{"rendered":"<p>Angaben gem\u00e4\u00df \u00a7 5 TMG Rast Transfer GmbH Kaiserring 14 &#8211; 16 68161 Mannheim Handelsregister: HRB 742397 Registergericht: Amtsgericht Mannheim Vertreten durch: Gesch\u00e4ftsf\u00fchrer Dipl.-Ing. Marina Herty Gesamtprokura (gemeinsam mit einem Gesch\u00e4ftsf\u00fchrer oder einem anderen Prokuristen): Marina Herty Ahmad Othman Christian Prager Kontakt Telefon: +49 (0) 621 4300 \u202c5343 Telefax: +49 (0) 621 4300 5356 E-Mail: [&hellip;]<\/p>\n","protected":false},"author":1,"featured_media":0,"parent":0,"menu_order":0,"comment_status":"closed","ping_status":"closed","template":"","meta":{"footnotes":""},"class_list":["post-50","page","type-page","status-publish","hentry"],"_links":{"self":[{"href":"https:\/\/www.rast-transfer.de\/index.php\/wp-json\/wp\/v2\/pages\/50","targetHints":{"allow":["GET"]}}],"collection":[{"href":"https:\/\/www.rast-transfer.de\/index.php\/wp-json\/wp\/v2\/pages"}],"about":[{"href":"https:\/\/www.rast-transfer.de\/index.php\/wp-json\/wp\/v2\/types\/page"}],"author":[{"embeddable":true,"href":"https:\/\/www.rast-transfer.de\/index.php\/wp-json\/wp\/v2\/users\/1"}],"replies":[{"embeddable":true,"href":"https:\/\/www.rast-transfer.de\/index.php\/wp-json\/wp\/v2\/comments?post=50"}],"version-history":[{"count":12,"href":"https:\/\/www.rast-transfer.de\/index.php\/wp-json\/wp\/v2\/pages\/50\/revisions"}],"predecessor-version":[{"id":557,"href":"https:\/\/www.rast-transfer.de\/index.php\/wp-json\/wp\/v2\/pages\/50\/revisions\/557"}],"wp:attachment":[{"href":"https:\/\/www.rast-transfer.de\/index.php\/wp-json\/wp\/v2\/media?parent=50"}],"curies":[{"name":"wp","href":"https:\/\/api.w.org\/{rel}","templated":true}]}}