{"id":568,"date":"2024-11-14T11:14:15","date_gmt":"2024-11-14T11:14:15","guid":{"rendered":"https:\/\/www.rast-transfer.de\/?page_id=568"},"modified":"2024-11-14T11:18:04","modified_gmt":"2024-11-14T11:18:04","slug":"stellenausschreibung-1","status":"publish","type":"page","link":"https:\/\/www.rast-transfer.de\/index.php\/stellenausschreibung-1\/","title":{"rendered":"B\u00fcrokraft (m\/w\/d) mit technischem Hintergrund in Teilzeit"},"content":{"rendered":"<p style=\"font-weight: 400;\">Die RAST Transfer GmbH geh\u00f6rt zur Forschungseinrichtung der RAST Innovation gGmbH und ist in den Bereichen Verfahrenstechnik, Steuerungs- und Auswertesoftware, Maschinenbau, Chemie und Automatisierungstechnik aktiv. Die Hauptintention des Unternehmens ist die F\u00f6rderung der angewandten Forschung und Entwicklung. In industrienahen Forschungsprojekten entwickeln wir in Zusammenarbeit mit mittelst\u00e4ndischen Unternehmen sowie anderen Forschungseinrichtungen individuelle Systeml\u00f6sungen.<\/p>\n<p style=\"font-weight: 400;\">Zur Verst\u00e4rkung unseres motivierten und dynamischen Teams suchen wir ab sofort einen\/eine<\/p>\n<p style=\"font-weight: 400;\"><strong>B\u00fcrokraft (m\/w\/d) mit technischem Hintergrund in Teilzeit<\/strong><\/p>\n<p style=\"font-weight: 400;\"><strong>Standort: Mannheim<\/strong><\/p>\n<p style=\"font-weight: 400;\"><strong>Beginn: ab sofort <\/strong><\/p>\n<p style=\"font-weight: 400;\"><strong>\u00a0<\/strong><\/p>\n<p style=\"font-weight: 400;\"><strong><u>Ihre Aufgaben<\/u><\/strong><\/p>\n<ul>\n<li>Projektverwaltung f\u00fcr externe und interne Forschungsprojekte<\/li>\n<li>Terminkoordination f\u00fcr Kunden und Partner<\/li>\n<li>Erstellen von Zahlungsanforderungen und Verwertungsnachweisen<\/li>\n<li>Kommunikation mit den Projekttr\u00e4gern<\/li>\n<li>Allgemeine Verwaltungsarbeiten<\/li>\n<\/ul>\n<p style=\"font-weight: 400;\"><strong><u>Ihr Profil<\/u><\/strong><\/p>\n<ul>\n<li>abgeschlossenes Bachelor-\/ Master-Studium im Bereich Wirtschaftswissenschaften oder kaufm\u00e4nnische Ausbildung<\/li>\n<li>technischer Hintergrund (Techniker\/ Meister oder kombiniertes Studium) w\u00fcnschenswert<\/li>\n<li>Erfahrungen im Bereich Projektmanagement w\u00fcnschenswert<\/li>\n<li>grundlegende EDV-Kenntnisse<\/li>\n<li>sicherer Umgang mit Microsoft Office<\/li>\n<li>gute Team- und Kommunikationsf\u00e4higkeiten<\/li>\n<li>eigenst\u00e4ndige und strukturierte Arbeitsweise<\/li>\n<li>gute Deutschkenntnisse in Wort und Schrift<\/li>\n<\/ul>\n<p style=\"font-weight: 400;\"><strong><u>Was wir bieten<\/u><\/strong><\/p>\n<ul>\n<li>Dynamisches Umfeld und lockere Atmosph\u00e4re<\/li>\n<li>Abwechslungsreiche und innovative Themengebiete<\/li>\n<li>Spannende Einblicke in Forschungs- und Entwicklungsprojekte<\/li>\n<li>Flexible Arbeitszeiten (Gleitzeit-Modell), Gestaltungsfreiraum und die M\u00f6glichkeit, gleich zu Beginn Verantwortung zu \u00fcbernehmen<\/li>\n<li>Betriebliche Altersversorgung<\/li>\n<li>Verg\u00fcnstigtes Deutschlandticket<\/li>\n<li>Homeoffice m\u00f6glich<\/li>\n<li>Sonderzahlungen<\/li>\n<\/ul>\n<p style=\"font-weight: 400;\"><strong><u>Interesse geweckt?<\/u><\/strong><\/p>\n<p style=\"font-weight: 400;\">Haben Sie Lust auf abwechslungsreiche und interessante Themengebiete, dann bewerben Sie sich bei uns (Anschreiben, Lebenslauf, Zeugnisse). Wir freuen uns auf Sie.<\/p>\n<p style=\"font-weight: 400;\"><strong>\u00a0<\/strong><\/p>\n<p style=\"font-weight: 400;\"><strong><u>Ihr Kontakt:<\/u><\/strong><\/p>\n<p style=\"font-weight: 400;\">Daniela Adler; Mail: verwaltung@rast-transfer.de;<\/p>\n<p style=\"font-weight: 400;\">Tel: +49 (0) 621 43005350<\/p>\n<p style=\"font-weight: 400;\"><a href=\"https:\/\/rast-transfer.de\/\">https:\/\/rast-transfer.de\/<\/a><\/p>\n","protected":false},"excerpt":{"rendered":"<p>Die RAST Transfer GmbH geh\u00f6rt zur Forschungseinrichtung der RAST Innovation gGmbH und ist in den Bereichen Verfahrenstechnik, Steuerungs- und Auswertesoftware, Maschinenbau, Chemie und Automatisierungstechnik aktiv. Die Hauptintention des Unternehmens ist die F\u00f6rderung der angewandten Forschung und Entwicklung. In industrienahen Forschungsprojekten entwickeln wir in Zusammenarbeit mit mittelst\u00e4ndischen Unternehmen sowie anderen Forschungseinrichtungen individuelle Systeml\u00f6sungen. Zur Verst\u00e4rkung unseres [&hellip;]<\/p>\n","protected":false},"author":1,"featured_media":0,"parent":0,"menu_order":0,"comment_status":"closed","ping_status":"closed","template":"","meta":{"footnotes":""},"class_list":["post-568","page","type-page","status-publish","hentry"],"_links":{"self":[{"href":"https:\/\/www.rast-transfer.de\/index.php\/wp-json\/wp\/v2\/pages\/568","targetHints":{"allow":["GET"]}}],"collection":[{"href":"https:\/\/www.rast-transfer.de\/index.php\/wp-json\/wp\/v2\/pages"}],"about":[{"href":"https:\/\/www.rast-transfer.de\/index.php\/wp-json\/wp\/v2\/types\/page"}],"author":[{"embeddable":true,"href":"https:\/\/www.rast-transfer.de\/index.php\/wp-json\/wp\/v2\/users\/1"}],"replies":[{"embeddable":true,"href":"https:\/\/www.rast-transfer.de\/index.php\/wp-json\/wp\/v2\/comments?post=568"}],"version-history":[{"count":4,"href":"https:\/\/www.rast-transfer.de\/index.php\/wp-json\/wp\/v2\/pages\/568\/revisions"}],"predecessor-version":[{"id":573,"href":"https:\/\/www.rast-transfer.de\/index.php\/wp-json\/wp\/v2\/pages\/568\/revisions\/573"}],"wp:attachment":[{"href":"https:\/\/www.rast-transfer.de\/index.php\/wp-json\/wp\/v2\/media?parent=568"}],"curies":[{"name":"wp","href":"https:\/\/api.w.org\/{rel}","templated":true}]}}